{"id":2186,"date":"2023-12-01T10:06:02","date_gmt":"2023-12-01T10:06:02","guid":{"rendered":"https:\/\/looris.ee\/?page_id=2186"},"modified":"2023-12-01T10:22:27","modified_gmt":"2023-12-01T10:22:27","slug":"partnerid","status":"publish","type":"page","link":"https:\/\/looris.ee\/ru\/partnerid\/","title":{"rendered":"Partnerid"},"content":{"rendered":"\t\t<div data-elementor-type=\"wp-page\" data-elementor-id=\"2186\" class=\"elementor elementor-2186\" wpc-filter-elementor-widget=\"1\" data-elementor-post-type=\"page\">\n\t\t\t\t<div class=\"elementor-element elementor-element-774cd3c e-con-full e-flex e-con e-parent\" data-id=\"774cd3c\" data-element_type=\"container\" data-e-type=\"container\">\n\t\t<div class=\"elementor-element elementor-element-3ace1c1 e-flex e-con-boxed e-con e-child\" data-id=\"3ace1c1\" data-element_type=\"container\" data-e-type=\"container\" data-settings=\"{&quot;background_background&quot;:&quot;classic&quot;}\">\n\t\t\t\t\t<div class=\"e-con-inner\">\n\t\t\t\t<div class=\"elementor-element elementor-element-d73e813 elementor-widget elementor-widget-heading\" data-id=\"d73e813\" data-element_type=\"widget\" data-e-type=\"widget\" data-widget_type=\"heading.default\">\n\t\t\t\t<div class=\"elementor-widget-container\">\n\t\t\t\t\t<h2 class=\"elementor-heading-title elementor-size-default\">Unelmate pulmap\u00e4ev<\/h2>\t\t\t\t<\/div>\n\t\t\t\t<\/div>\n\t\t\t\t<div class=\"elementor-element elementor-element-4bb2934 elementor-widget elementor-widget-heading\" data-id=\"4bb2934\" data-element_type=\"widget\" data-e-type=\"widget\" data-widget_type=\"heading.default\">\n\t\t\t\t<div class=\"elementor-widget-container\">\n\t\t\t\t\t<h2 class=\"elementor-heading-title elementor-size-default\">Partnerid<\/h2>\t\t\t\t<\/div>\n\t\t\t\t<\/div>\n\t\t\t\t<div class=\"elementor-element elementor-element-5f0f958 elementor-widget-divider--view-line elementor-widget elementor-widget-divider\" data-id=\"5f0f958\" data-element_type=\"widget\" data-e-type=\"widget\" data-widget_type=\"divider.default\">\n\t\t\t\t<div class=\"elementor-widget-container\">\n\t\t\t\t\t\t\t<div class=\"elementor-divider\">\n\t\t\t<span class=\"elementor-divider-separator\">\n\t\t\t\t\t\t<\/span>\n\t\t<\/div>\n\t\t\t\t\t\t<\/div>\n\t\t\t\t<\/div>\n\t\t\t\t<div class=\"elementor-element elementor-element-d2346f8 elementor-widget elementor-widget-heading\" data-id=\"d2346f8\" data-element_type=\"widget\" data-e-type=\"widget\" data-widget_type=\"heading.default\">\n\t\t\t\t<div class=\"elementor-widget-container\">\n\t\t\t\t\t<h2 class=\"elementor-heading-title elementor-size-default\">Siin lehel jagame lugusid, hetki ja kogemusi, mis on <br>osa meie imelistest pruutidest.<\/h2>\t\t\t\t<\/div>\n\t\t\t\t<\/div>\n\t\t<div class=\"elementor-element elementor-element-1e7cf32 e-flex e-con-boxed e-con e-child\" data-id=\"1e7cf32\" data-element_type=\"container\" data-e-type=\"container\">\n\t\t\t\t\t<div class=\"e-con-inner\">\n\t\t\t\t<div class=\"elementor-element elementor-element-f0d56a7 elementor-widget elementor-widget-heading\" data-id=\"f0d56a7\" data-element_type=\"widget\" data-e-type=\"widget\" data-widget_type=\"heading.default\">\n\t\t\t\t<div class=\"elementor-widget-container\">\n\t\t\t\t\t<p class=\"elementor-heading-title elementor-size-default\">Meie eesm\u00e4rk on pakkuda igale pruudile unustamatut kogemust, alates esimesest kohtumisest kuni suure p\u00e4evani. Me usume, et iga pruut on eriline ja v\u00e4\u00e4rivad personaalset l\u00e4henemist.<\/p>\t\t\t\t<\/div>\n\t\t\t\t<\/div>\n\t\t\t\t\t<\/div>\n\t\t\t\t<\/div>\n\t\t\t\t<div class=\"elementor-element elementor-element-063891d elementor-hidden-mobile elementor-widget elementor-widget-image\" data-id=\"063891d\" data-element_type=\"widget\" data-e-type=\"widget\" data-widget_type=\"image.default\">\n\t\t\t\t<div class=\"elementor-widget-container\">\n\t\t\t\t\t\t\t\t\t\t\t\t\t\t\t<img fetchpriority=\"high\" decoding=\"async\" width=\"2767\" height=\"339\" src=\"https:\/\/www.looris.ee\/wp-content\/uploads\/2023\/11\/quotebottom.svg\" class=\"attachment-full size-full wp-image-144\" alt=\"\" loading=\"eager\" \/>\t\t\t\t\t\t\t\t\t\t\t\t\t\t\t<\/div>\n\t\t\t\t<\/div>\n\t\t<div class=\"elementor-element elementor-element-a734a6f e-flex e-con-boxed e-con e-child\" data-id=\"a734a6f\" data-element_type=\"container\" data-e-type=\"container\" data-settings=\"{&quot;background_background&quot;:&quot;classic&quot;}\">\n\t\t\t\t\t<div class=\"e-con-inner\">\n\t\t\t\t<div class=\"elementor-element elementor-element-774c5c3 elementor-widget elementor-widget-heading\" data-id=\"774c5c3\" data-element_type=\"widget\" data-e-type=\"widget\" data-widget_type=\"heading.default\">\n\t\t\t\t<div class=\"elementor-widget-container\">\n\t\t\t\t\t<h2 class=\"elementor-heading-title elementor-size-default\">Partner 1<\/h2>\t\t\t\t<\/div>\n\t\t\t\t<\/div>\n\t\t\t\t<div class=\"elementor-element elementor-element-74034de elementor-widget elementor-widget-heading\" data-id=\"74034de\" data-element_type=\"widget\" data-e-type=\"widget\" data-widget_type=\"heading.default\">\n\t\t\t\t<div class=\"elementor-widget-container\">\n\t\t\t\t\t<h2 class=\"elementor-heading-title elementor-size-default\">Tekst<\/h2>\t\t\t\t<\/div>\n\t\t\t\t<\/div>\n\t\t\t\t<div class=\"elementor-element elementor-element-94fa184 elementor-widget elementor-widget-heading\" data-id=\"94fa184\" data-element_type=\"widget\" data-e-type=\"widget\" data-widget_type=\"heading.default\">\n\t\t\t\t<div class=\"elementor-widget-container\">\n\t\t\t\t\t<p class=\"elementor-heading-title elementor-size-default\">Meie eesm\u00e4rk on pakkuda igale pruudile unustamatut kogemust, alates esimesest kohtumisest kuni suure p\u00e4evani. Me usume, et iga pruut on eriline ja v\u00e4\u00e4rivad personaalset l\u00e4henemist.<\/p>\t\t\t\t<\/div>\n\t\t\t\t<\/div>\n\t\t\t\t\t<\/div>\n\t\t\t\t<\/div>\n\t\t<div class=\"elementor-element elementor-element-010f81b e-con-full e-flex e-con e-child\" data-id=\"010f81b\" data-element_type=\"container\" data-e-type=\"container\">\n\t\t<div class=\"elementor-element elementor-element-9391def e-con-full e-flex e-con e-child\" data-id=\"9391def\" data-element_type=\"container\" data-e-type=\"container\" data-settings=\"{&quot;background_background&quot;:&quot;classic&quot;}\">\n\t\t\t\t<div class=\"elementor-element elementor-element-88066cf elementor-hidden-mobile elementor-widget elementor-widget-image\" data-id=\"88066cf\" data-element_type=\"widget\" data-e-type=\"widget\" data-settings=\"{&quot;motion_fx_motion_fx_scrolling&quot;:&quot;yes&quot;,&quot;motion_fx_translateY_effect&quot;:&quot;yes&quot;,&quot;motion_fx_translateY_speed&quot;:{&quot;unit&quot;:&quot;px&quot;,&quot;size&quot;:0.299999999999999988897769753748434595763683319091796875,&quot;sizes&quot;:[]},&quot;motion_fx_translateY_affectedRange&quot;:{&quot;unit&quot;:&quot;%&quot;,&quot;size&quot;:&quot;&quot;,&quot;sizes&quot;:{&quot;start&quot;:0,&quot;end&quot;:100}},&quot;motion_fx_devices&quot;:[&quot;desktop&quot;,&quot;laptop&quot;,&quot;tablet_extra&quot;,&quot;tablet&quot;,&quot;mobile&quot;]}\" data-widget_type=\"image.default\">\n\t\t\t\t<div class=\"elementor-widget-container\">\n\t\t\t\t\t\t\t\t\t\t\t\t\t\t\t<img decoding=\"async\" width=\"1707\" height=\"2560\" data-src=\"https:\/\/www.looris.ee\/wp-content\/uploads\/2023\/11\/L037-Laura-ja-Kauri-pulmad-164-scaled.jpg\" class=\"attachment-full size-full wp-image-2134 lazyload\" alt=\"\" data-srcset=\"http:\/\/www.looris.ee\/wp-content\/uploads\/2023\/11\/L037-Laura-ja-Kauri-pulmad-164-scaled.jpg 1707w, http:\/\/www.looris.ee\/wp-content\/uploads\/2023\/11\/L037-Laura-ja-Kauri-pulmad-164-200x300.jpg 200w, http:\/\/www.looris.ee\/wp-content\/uploads\/2023\/11\/L037-Laura-ja-Kauri-pulmad-164-683x1024.jpg 683w, http:\/\/www.looris.ee\/wp-content\/uploads\/2023\/11\/L037-Laura-ja-Kauri-pulmad-164-768x1152.jpg 768w, http:\/\/www.looris.ee\/wp-content\/uploads\/2023\/11\/L037-Laura-ja-Kauri-pulmad-164-1024x1536.jpg 1024w, http:\/\/www.looris.ee\/wp-content\/uploads\/2023\/11\/L037-Laura-ja-Kauri-pulmad-164-1366x2048.jpg 1366w\" data-sizes=\"(max-width: 1707px) 100vw, 1707px\" src=\"data:image\/svg+xml;base64,PHN2ZyB3aWR0aD0iMSIgaGVpZ2h0PSIxIiB4bWxucz0iaHR0cDovL3d3dy53My5vcmcvMjAwMC9zdmciPjwvc3ZnPg==\" style=\"--smush-placeholder-width: 1707px; --smush-placeholder-aspect-ratio: 1707\/2560;\" \/>\t\t\t\t\t\t\t\t\t\t\t\t\t\t\t<\/div>\n\t\t\t\t<\/div>\n\t\t\t\t<\/div>\n\t\t<div class=\"elementor-element elementor-element-6a66a2e e-con-full e-flex e-con e-child\" data-id=\"6a66a2e\" data-element_type=\"container\" data-e-type=\"container\" data-settings=\"{&quot;background_background&quot;:&quot;classic&quot;}\">\n\t\t\t\t<div class=\"elementor-element elementor-element-93bc74e elementor-pagination-position-outside elementor-widget elementor-widget-image-carousel\" data-id=\"93bc74e\" data-element_type=\"widget\" data-e-type=\"widget\" data-settings=\"{&quot;slides_to_show&quot;:&quot;1&quot;,&quot;navigation&quot;:&quot;dots&quot;,&quot;autoplay&quot;:&quot;yes&quot;,&quot;pause_on_hover&quot;:&quot;yes&quot;,&quot;pause_on_interaction&quot;:&quot;yes&quot;,&quot;autoplay_speed&quot;:5000,&quot;infinite&quot;:&quot;yes&quot;,&quot;effect&quot;:&quot;slide&quot;,&quot;speed&quot;:500}\" data-widget_type=\"image-carousel.default\">\n\t\t\t\t<div class=\"elementor-widget-container\">\n\t\t\t\t\t\t\t<div class=\"elementor-image-carousel-wrapper swiper\" role=\"region\" aria-roledescription=\"carousel\" aria-label=\"\u041a\u0430\u0440\u0443\u0441\u0435\u043b\u044c\" dir=\"ltr\">\n\t\t\t<div class=\"elementor-image-carousel swiper-wrapper\" aria-live=\"off\">\n\t\t\t\t\t\t\t\t<div class=\"swiper-slide\" role=\"group\" aria-roledescription=\"slide\" aria-label=\"1 \u0438\u0437 4\"><figure class=\"swiper-slide-inner\"><img decoding=\"async\" class=\"swiper-slide-image lazyload\" data-src=\"https:\/\/www.looris.ee\/wp-content\/uploads\/2023\/11\/L039-Laura-ja-Kauri-pulmad-1741-scaled.jpg\" alt=\"L039 Laura ja Kauri pulmad 174(1)\" src=\"data:image\/svg+xml;base64,PHN2ZyB3aWR0aD0iMSIgaGVpZ2h0PSIxIiB4bWxucz0iaHR0cDovL3d3dy53My5vcmcvMjAwMC9zdmciPjwvc3ZnPg==\" \/><\/figure><\/div><div class=\"swiper-slide\" role=\"group\" aria-roledescription=\"slide\" aria-label=\"2 \u0438\u0437 4\"><figure class=\"swiper-slide-inner\"><img decoding=\"async\" class=\"swiper-slide-image lazyload\" data-src=\"https:\/\/www.looris.ee\/wp-content\/uploads\/2023\/11\/Laura-ja-Kauri-pulmad-163-scaled.jpg\" alt=\"Laura ja Kauri pulmad 163\" src=\"data:image\/svg+xml;base64,PHN2ZyB3aWR0aD0iMSIgaGVpZ2h0PSIxIiB4bWxucz0iaHR0cDovL3d3dy53My5vcmcvMjAwMC9zdmciPjwvc3ZnPg==\" \/><\/figure><\/div><div class=\"swiper-slide\" role=\"group\" aria-roledescription=\"slide\" aria-label=\"3 \u0438\u0437 4\"><figure class=\"swiper-slide-inner\"><img decoding=\"async\" class=\"swiper-slide-image lazyload\" data-src=\"https:\/\/www.looris.ee\/wp-content\/uploads\/2023\/11\/Laura-ja-Kauri-pulmad-176-scaled.jpg\" alt=\"Laura ja Kauri pulmad 176\" src=\"data:image\/svg+xml;base64,PHN2ZyB3aWR0aD0iMSIgaGVpZ2h0PSIxIiB4bWxucz0iaHR0cDovL3d3dy53My5vcmcvMjAwMC9zdmciPjwvc3ZnPg==\" \/><\/figure><\/div><div class=\"swiper-slide\" role=\"group\" aria-roledescription=\"slide\" aria-label=\"4 \u0438\u0437 4\"><figure class=\"swiper-slide-inner\"><img decoding=\"async\" class=\"swiper-slide-image lazyload\" data-src=\"https:\/\/www.looris.ee\/wp-content\/uploads\/2023\/11\/Laura-ja-Kauri-pulmad-197-1-scaled.jpg\" alt=\"Laura ja Kauri pulmad 197 (1)\" src=\"data:image\/svg+xml;base64,PHN2ZyB3aWR0aD0iMSIgaGVpZ2h0PSIxIiB4bWxucz0iaHR0cDovL3d3dy53My5vcmcvMjAwMC9zdmciPjwvc3ZnPg==\" \/><\/figure><\/div>\t\t\t<\/div>\n\t\t\t\t\t\t\t\n\t\t\t\t\t\t\t\t\t<div class=\"swiper-pagination\"><\/div>\n\t\t\t\t\t\t\t\t\t<\/div>\n\t\t\t\t\t\t<\/div>\n\t\t\t\t<\/div>\n\t\t\t\t<div class=\"elementor-element elementor-element-824fc0f elementor-widget elementor-widget-spacer\" data-id=\"824fc0f\" data-element_type=\"widget\" data-e-type=\"widget\" data-widget_type=\"spacer.default\">\n\t\t\t\t<div class=\"elementor-widget-container\">\n\t\t\t\t\t\t\t<div class=\"elementor-spacer\">\n\t\t\t<div class=\"elementor-spacer-inner\"><\/div>\n\t\t<\/div>\n\t\t\t\t\t\t<\/div>\n\t\t\t\t<\/div>\n\t\t\t\t<\/div>\n\t\t\t\t<\/div>\n\t\t\t\t\t<\/div>\n\t\t\t\t<\/div>\n\t\t\t\t<\/div>\n\t\t\t\t<\/div>\n\t\t","protected":false},"excerpt":{"rendered":"<p>Unelmate pulmap\u00e4ev Partnerid Siin lehel jagame lugusid, hetki ja kogemusi, mis on osa meie imelistest pruutidest. Meie eesm\u00e4rk on pakkuda igale pruudile unustamatut kogemust, alates esimesest kohtumisest kuni suure p\u00e4evani. Me usume, et iga pruut on eriline ja v\u00e4\u00e4rivad personaalset l\u00e4henemist. Partner 1 Tekst Meie eesm\u00e4rk on pakkuda igale pruudile unustamatut kogemust, alates esimesest kohtumisest [&hellip;]<\/p>\n","protected":false},"author":1,"featured_media":0,"parent":0,"menu_order":0,"comment_status":"closed","ping_status":"closed","template":"","meta":{"_acf_changed":false,"_monsterinsights_skip_tracking":false,"_monsterinsights_sitenote_active":false,"_monsterinsights_sitenote_note":"","_monsterinsights_sitenote_category":0,"footnotes":""},"class_list":["post-2186","page","type-page","status-publish","hentry"],"acf":[],"yoast_head":"<!-- This site is optimized with the Yoast SEO plugin v27.5 - https:\/\/yoast.com\/product\/yoast-seo-wordpress\/ -->\n<title>Partnerid - Looris<\/title>\n<meta name=\"robots\" content=\"index, follow, max-snippet:-1, max-image-preview:large, max-video-preview:-1\" \/>\n<link rel=\"canonical\" href=\"https:\/\/looris.ee\/ru\/partnerid\/\" \/>\n<meta property=\"og:locale\" content=\"ru_RU\" \/>\n<meta property=\"og:type\" content=\"article\" \/>\n<meta property=\"og:title\" content=\"Partnerid - Looris\" \/>\n<meta property=\"og:description\" content=\"Unelmate pulmap\u00e4ev Partnerid Siin lehel jagame lugusid, hetki ja kogemusi, mis on osa meie imelistest pruutidest. Meie eesm\u00e4rk on pakkuda igale pruudile unustamatut kogemust, alates esimesest kohtumisest kuni suure p\u00e4evani. Me usume, et iga pruut on eriline ja v\u00e4\u00e4rivad personaalset l\u00e4henemist. Partner 1 Tekst Meie eesm\u00e4rk on pakkuda igale pruudile unustamatut kogemust, alates esimesest kohtumisest [&hellip;]\" \/>\n<meta property=\"og:url\" content=\"https:\/\/looris.ee\/ru\/partnerid\/\" \/>\n<meta property=\"og:site_name\" content=\"Looris\" \/>\n<meta property=\"article:modified_time\" content=\"2023-12-01T10:22:27+00:00\" \/>\n<meta property=\"og:image\" content=\"http:\/\/looris.ee\/wp-content\/uploads\/2023\/11\/quotebottom.svg\" \/>\n<meta name=\"twitter:card\" content=\"summary_large_image\" \/>\n<meta name=\"twitter:label1\" content=\"\u041f\u0440\u0438\u043c\u0435\u0440\u043d\u043e\u0435 \u0432\u0440\u0435\u043c\u044f \u0434\u043b\u044f \u0447\u0442\u0435\u043d\u0438\u044f\" \/>\n\t<meta name=\"twitter:data1\" content=\"2 \u043c\u0438\u043d\u0443\u0442\u044b\" \/>\n<script type=\"application\/ld+json\" class=\"yoast-schema-graph\">{\"@context\":\"https:\\\/\\\/schema.org\",\"@graph\":[{\"@type\":\"WebPage\",\"@id\":\"https:\\\/\\\/looris.ee\\\/partnerid\\\/\",\"url\":\"https:\\\/\\\/looris.ee\\\/partnerid\\\/\",\"name\":\"Partnerid - Looris\",\"isPartOf\":{\"@id\":\"https:\\\/\\\/looris.ee\\\/ru\\\/#website\"},\"primaryImageOfPage\":{\"@id\":\"https:\\\/\\\/looris.ee\\\/partnerid\\\/#primaryimage\"},\"image\":{\"@id\":\"https:\\\/\\\/looris.ee\\\/partnerid\\\/#primaryimage\"},\"thumbnailUrl\":\"http:\\\/\\\/looris.ee\\\/wp-content\\\/uploads\\\/2023\\\/11\\\/quotebottom.svg\",\"datePublished\":\"2023-12-01T10:06:02+00:00\",\"dateModified\":\"2023-12-01T10:22:27+00:00\",\"breadcrumb\":{\"@id\":\"https:\\\/\\\/looris.ee\\\/partnerid\\\/#breadcrumb\"},\"inLanguage\":\"ru-RU\",\"potentialAction\":[{\"@type\":\"ReadAction\",\"target\":[\"https:\\\/\\\/looris.ee\\\/partnerid\\\/\"]}]},{\"@type\":\"ImageObject\",\"inLanguage\":\"ru-RU\",\"@id\":\"https:\\\/\\\/looris.ee\\\/partnerid\\\/#primaryimage\",\"url\":\"http:\\\/\\\/looris.ee\\\/wp-content\\\/uploads\\\/2023\\\/11\\\/quotebottom.svg\",\"contentUrl\":\"http:\\\/\\\/looris.ee\\\/wp-content\\\/uploads\\\/2023\\\/11\\\/quotebottom.svg\"},{\"@type\":\"BreadcrumbList\",\"@id\":\"https:\\\/\\\/looris.ee\\\/partnerid\\\/#breadcrumb\",\"itemListElement\":[{\"@type\":\"ListItem\",\"position\":1,\"name\":\"Home\",\"item\":\"https:\\\/\\\/looris.ee\\\/ru\\\/\"},{\"@type\":\"ListItem\",\"position\":2,\"name\":\"Partnerid\"}]},{\"@type\":\"WebSite\",\"@id\":\"https:\\\/\\\/looris.ee\\\/ru\\\/#website\",\"url\":\"https:\\\/\\\/looris.ee\\\/ru\\\/\",\"name\":\"Looris\",\"description\":\"\",\"potentialAction\":[{\"@type\":\"SearchAction\",\"target\":{\"@type\":\"EntryPoint\",\"urlTemplate\":\"https:\\\/\\\/looris.ee\\\/ru\\\/?s={search_term_string}\"},\"query-input\":{\"@type\":\"PropertyValueSpecification\",\"valueRequired\":true,\"valueName\":\"search_term_string\"}}],\"inLanguage\":\"ru-RU\"}]}<\/script>\n<!-- \/ Yoast SEO plugin. -->","yoast_head_json":{"title":"Partnerid - Looris","robots":{"index":"index","follow":"follow","max-snippet":"max-snippet:-1","max-image-preview":"max-image-preview:large","max-video-preview":"max-video-preview:-1"},"canonical":"https:\/\/looris.ee\/ru\/partnerid\/","og_locale":"ru_RU","og_type":"article","og_title":"Partnerid - Looris","og_description":"Unelmate pulmap\u00e4ev Partnerid Siin lehel jagame lugusid, hetki ja kogemusi, mis on osa meie imelistest pruutidest. Meie eesm\u00e4rk on pakkuda igale pruudile unustamatut kogemust, alates esimesest kohtumisest kuni suure p\u00e4evani. Me usume, et iga pruut on eriline ja v\u00e4\u00e4rivad personaalset l\u00e4henemist. Partner 1 Tekst Meie eesm\u00e4rk on pakkuda igale pruudile unustamatut kogemust, alates esimesest kohtumisest [&hellip;]","og_url":"https:\/\/looris.ee\/ru\/partnerid\/","og_site_name":"Looris","article_modified_time":"2023-12-01T10:22:27+00:00","og_image":[{"url":"http:\/\/looris.ee\/wp-content\/uploads\/2023\/11\/quotebottom.svg","type":"","width":"","height":""}],"twitter_card":"summary_large_image","twitter_misc":{"\u041f\u0440\u0438\u043c\u0435\u0440\u043d\u043e\u0435 \u0432\u0440\u0435\u043c\u044f \u0434\u043b\u044f \u0447\u0442\u0435\u043d\u0438\u044f":"2 \u043c\u0438\u043d\u0443\u0442\u044b"},"schema":{"@context":"https:\/\/schema.org","@graph":[{"@type":"WebPage","@id":"https:\/\/looris.ee\/partnerid\/","url":"https:\/\/looris.ee\/partnerid\/","name":"Partnerid - Looris","isPartOf":{"@id":"https:\/\/looris.ee\/ru\/#website"},"primaryImageOfPage":{"@id":"https:\/\/looris.ee\/partnerid\/#primaryimage"},"image":{"@id":"https:\/\/looris.ee\/partnerid\/#primaryimage"},"thumbnailUrl":"http:\/\/looris.ee\/wp-content\/uploads\/2023\/11\/quotebottom.svg","datePublished":"2023-12-01T10:06:02+00:00","dateModified":"2023-12-01T10:22:27+00:00","breadcrumb":{"@id":"https:\/\/looris.ee\/partnerid\/#breadcrumb"},"inLanguage":"ru-RU","potentialAction":[{"@type":"ReadAction","target":["https:\/\/looris.ee\/partnerid\/"]}]},{"@type":"ImageObject","inLanguage":"ru-RU","@id":"https:\/\/looris.ee\/partnerid\/#primaryimage","url":"http:\/\/looris.ee\/wp-content\/uploads\/2023\/11\/quotebottom.svg","contentUrl":"http:\/\/looris.ee\/wp-content\/uploads\/2023\/11\/quotebottom.svg"},{"@type":"BreadcrumbList","@id":"https:\/\/looris.ee\/partnerid\/#breadcrumb","itemListElement":[{"@type":"ListItem","position":1,"name":"Home","item":"https:\/\/looris.ee\/ru\/"},{"@type":"ListItem","position":2,"name":"Partnerid"}]},{"@type":"WebSite","@id":"https:\/\/looris.ee\/ru\/#website","url":"https:\/\/looris.ee\/ru\/","name":"Looris","description":"","potentialAction":[{"@type":"SearchAction","target":{"@type":"EntryPoint","urlTemplate":"https:\/\/looris.ee\/ru\/?s={search_term_string}"},"query-input":{"@type":"PropertyValueSpecification","valueRequired":true,"valueName":"search_term_string"}}],"inLanguage":"ru-RU"}]}},"_links":{"self":[{"href":"https:\/\/looris.ee\/ru\/wp-json\/wp\/v2\/pages\/2186","targetHints":{"allow":["GET"]}}],"collection":[{"href":"https:\/\/looris.ee\/ru\/wp-json\/wp\/v2\/pages"}],"about":[{"href":"https:\/\/looris.ee\/ru\/wp-json\/wp\/v2\/types\/page"}],"author":[{"embeddable":true,"href":"https:\/\/looris.ee\/ru\/wp-json\/wp\/v2\/users\/1"}],"replies":[{"embeddable":true,"href":"https:\/\/looris.ee\/ru\/wp-json\/wp\/v2\/comments?post=2186"}],"version-history":[{"count":5,"href":"https:\/\/looris.ee\/ru\/wp-json\/wp\/v2\/pages\/2186\/revisions"}],"predecessor-version":[{"id":2223,"href":"https:\/\/looris.ee\/ru\/wp-json\/wp\/v2\/pages\/2186\/revisions\/2223"}],"wp:attachment":[{"href":"https:\/\/looris.ee\/ru\/wp-json\/wp\/v2\/media?parent=2186"}],"curies":[{"name":"wp","href":"https:\/\/api.w.org\/{rel}","templated":true}]}}