{"id":2928,"date":"2023-12-09T16:23:40","date_gmt":"2023-12-09T14:23:40","guid":{"rendered":"https:\/\/looris.ee\/?post_type=product&#038;p=2928"},"modified":"2025-02-11T10:48:05","modified_gmt":"2025-02-11T08:48:05","slug":"pulmakleit-michele","status":"publish","type":"product","link":"https:\/\/looris.ee\/en\/product\/pulmakleit-michele\/","title":{"rendered":"Pulmakleit Michele"},"featured_media":2924,"template":"","categories":[],"dress-style":[78,70],"class_list":["post-2928","product","type-product","status-publish","has-post-thumbnail","hentry","dress-style-akoik","dress-style-merineitsi"],"acf":[],"yoast_head":"<!-- This site is optimized with the Yoast SEO plugin v27.3 - https:\/\/yoast.com\/product\/yoast-seo-wordpress\/ -->\n<title>Pulmakleit Michele - Looris<\/title>\n<meta name=\"description\" content=\"Pulmakleit Michele on t\u00f5eliselt unikaalne ja elegantne valik, mis v\u00f5imaldab pruudil s\u00e4ra ja s\u00e4rada oma erilisel p\u00e4eval.\" \/>\n<meta name=\"robots\" content=\"index, follow, max-snippet:-1, max-image-preview:large, max-video-preview:-1\" \/>\n<link rel=\"canonical\" href=\"https:\/\/www.looris.ee\/product\/pulmakleit-michele\/\" \/>\n<meta property=\"og:locale\" content=\"en_US\" \/>\n<meta property=\"og:type\" content=\"article\" \/>\n<meta property=\"og:title\" content=\"Pulmakleit Michele - Looris\" \/>\n<meta property=\"og:description\" content=\"Pulmakleit Michele on t\u00f5eliselt unikaalne ja elegantne valik, mis v\u00f5imaldab pruudil s\u00e4ra ja s\u00e4rada oma erilisel p\u00e4eval.\" \/>\n<meta property=\"og:url\" content=\"https:\/\/www.looris.ee\/product\/pulmakleit-michele\/\" \/>\n<meta property=\"og:site_name\" content=\"Looris\" \/>\n<meta property=\"article:modified_time\" content=\"2025-02-11T08:48:05+00:00\" \/>\n<meta property=\"og:image\" content=\"https:\/\/www.looris.ee\/wp-content\/uploads\/2024\/02\/Michele-1-scaled.jpg\" \/>\n\t<meta property=\"og:image:width\" content=\"1708\" \/>\n\t<meta property=\"og:image:height\" content=\"2560\" \/>\n\t<meta property=\"og:image:type\" content=\"image\/jpeg\" \/>\n<meta name=\"twitter:card\" content=\"summary_large_image\" \/>\n<meta name=\"twitter:label1\" content=\"Est. reading time\" \/>\n\t<meta name=\"twitter:data1\" content=\"2 minutes\" \/>\n<script type=\"application\/ld+json\" class=\"yoast-schema-graph\">{\"@context\":\"https:\\\/\\\/schema.org\",\"@graph\":[{\"@type\":\"WebPage\",\"@id\":\"https:\\\/\\\/www.looris.ee\\\/product\\\/pulmakleit-michele\\\/\",\"url\":\"https:\\\/\\\/www.looris.ee\\\/product\\\/pulmakleit-michele\\\/\",\"name\":\"Pulmakleit Michele - Looris\",\"isPartOf\":{\"@id\":\"https:\\\/\\\/www.looris.ee\\\/en\\\/#website\"},\"primaryImageOfPage\":{\"@id\":\"https:\\\/\\\/www.looris.ee\\\/product\\\/pulmakleit-michele\\\/#primaryimage\"},\"image\":{\"@id\":\"https:\\\/\\\/www.looris.ee\\\/product\\\/pulmakleit-michele\\\/#primaryimage\"},\"thumbnailUrl\":\"https:\\\/\\\/looris.ee\\\/wp-content\\\/uploads\\\/2024\\\/02\\\/Michele-1-scaled.jpg\",\"datePublished\":\"2023-12-09T14:23:40+00:00\",\"dateModified\":\"2025-02-11T08:48:05+00:00\",\"description\":\"Pulmakleit Michele on t\u00f5eliselt unikaalne ja elegantne valik, mis v\u00f5imaldab pruudil s\u00e4ra ja s\u00e4rada oma erilisel p\u00e4eval.\",\"breadcrumb\":{\"@id\":\"https:\\\/\\\/www.looris.ee\\\/product\\\/pulmakleit-michele\\\/#breadcrumb\"},\"inLanguage\":\"en-US\",\"potentialAction\":[{\"@type\":\"ReadAction\",\"target\":[\"https:\\\/\\\/www.looris.ee\\\/product\\\/pulmakleit-michele\\\/\"]}]},{\"@type\":\"ImageObject\",\"inLanguage\":\"en-US\",\"@id\":\"https:\\\/\\\/www.looris.ee\\\/product\\\/pulmakleit-michele\\\/#primaryimage\",\"url\":\"https:\\\/\\\/looris.ee\\\/wp-content\\\/uploads\\\/2024\\\/02\\\/Michele-1-scaled.jpg\",\"contentUrl\":\"https:\\\/\\\/looris.ee\\\/wp-content\\\/uploads\\\/2024\\\/02\\\/Michele-1-scaled.jpg\",\"width\":1708,\"height\":2560,\"caption\":\"Pulmakleit Michele\"},{\"@type\":\"BreadcrumbList\",\"@id\":\"https:\\\/\\\/www.looris.ee\\\/product\\\/pulmakleit-michele\\\/#breadcrumb\",\"itemListElement\":[{\"@type\":\"ListItem\",\"position\":1,\"name\":\"Home\",\"item\":\"https:\\\/\\\/www.looris.ee\\\/en\\\/\"},{\"@type\":\"ListItem\",\"position\":2,\"name\":\"Products\",\"item\":\"https:\\\/\\\/www.looris.ee\\\/en\\\/pulmakleidid\\\/\"},{\"@type\":\"ListItem\",\"position\":3,\"name\":\"Pulmakleit Michele\"}]},{\"@type\":\"WebSite\",\"@id\":\"https:\\\/\\\/www.looris.ee\\\/en\\\/#website\",\"url\":\"https:\\\/\\\/www.looris.ee\\\/en\\\/\",\"name\":\"Looris\",\"description\":\"\",\"potentialAction\":[{\"@type\":\"SearchAction\",\"target\":{\"@type\":\"EntryPoint\",\"urlTemplate\":\"https:\\\/\\\/www.looris.ee\\\/en\\\/?s={search_term_string}\"},\"query-input\":{\"@type\":\"PropertyValueSpecification\",\"valueRequired\":true,\"valueName\":\"search_term_string\"}}],\"inLanguage\":\"en-US\"}]}<\/script>\n<!-- \/ Yoast SEO plugin. -->","yoast_head_json":{"title":"Pulmakleit Michele - Looris","description":"Pulmakleit Michele on t\u00f5eliselt unikaalne ja elegantne valik, mis v\u00f5imaldab pruudil s\u00e4ra ja s\u00e4rada oma erilisel p\u00e4eval.","robots":{"index":"index","follow":"follow","max-snippet":"max-snippet:-1","max-image-preview":"max-image-preview:large","max-video-preview":"max-video-preview:-1"},"canonical":"https:\/\/www.looris.ee\/product\/pulmakleit-michele\/","og_locale":"en_US","og_type":"article","og_title":"Pulmakleit Michele - Looris","og_description":"Pulmakleit Michele on t\u00f5eliselt unikaalne ja elegantne valik, mis v\u00f5imaldab pruudil s\u00e4ra ja s\u00e4rada oma erilisel p\u00e4eval.","og_url":"https:\/\/www.looris.ee\/product\/pulmakleit-michele\/","og_site_name":"Looris","article_modified_time":"2025-02-11T08:48:05+00:00","og_image":[{"width":1708,"height":2560,"url":"https:\/\/www.looris.ee\/wp-content\/uploads\/2024\/02\/Michele-1-scaled.jpg","type":"image\/jpeg"}],"twitter_card":"summary_large_image","twitter_misc":{"Est. reading time":"2 minutes"},"schema":{"@context":"https:\/\/schema.org","@graph":[{"@type":"WebPage","@id":"https:\/\/www.looris.ee\/product\/pulmakleit-michele\/","url":"https:\/\/www.looris.ee\/product\/pulmakleit-michele\/","name":"Pulmakleit Michele - Looris","isPartOf":{"@id":"https:\/\/www.looris.ee\/en\/#website"},"primaryImageOfPage":{"@id":"https:\/\/www.looris.ee\/product\/pulmakleit-michele\/#primaryimage"},"image":{"@id":"https:\/\/www.looris.ee\/product\/pulmakleit-michele\/#primaryimage"},"thumbnailUrl":"https:\/\/looris.ee\/wp-content\/uploads\/2024\/02\/Michele-1-scaled.jpg","datePublished":"2023-12-09T14:23:40+00:00","dateModified":"2025-02-11T08:48:05+00:00","description":"Pulmakleit Michele on t\u00f5eliselt unikaalne ja elegantne valik, mis v\u00f5imaldab pruudil s\u00e4ra ja s\u00e4rada oma erilisel p\u00e4eval.","breadcrumb":{"@id":"https:\/\/www.looris.ee\/product\/pulmakleit-michele\/#breadcrumb"},"inLanguage":"en-US","potentialAction":[{"@type":"ReadAction","target":["https:\/\/www.looris.ee\/product\/pulmakleit-michele\/"]}]},{"@type":"ImageObject","inLanguage":"en-US","@id":"https:\/\/www.looris.ee\/product\/pulmakleit-michele\/#primaryimage","url":"https:\/\/looris.ee\/wp-content\/uploads\/2024\/02\/Michele-1-scaled.jpg","contentUrl":"https:\/\/looris.ee\/wp-content\/uploads\/2024\/02\/Michele-1-scaled.jpg","width":1708,"height":2560,"caption":"Pulmakleit Michele"},{"@type":"BreadcrumbList","@id":"https:\/\/www.looris.ee\/product\/pulmakleit-michele\/#breadcrumb","itemListElement":[{"@type":"ListItem","position":1,"name":"Home","item":"https:\/\/www.looris.ee\/en\/"},{"@type":"ListItem","position":2,"name":"Products","item":"https:\/\/www.looris.ee\/en\/pulmakleidid\/"},{"@type":"ListItem","position":3,"name":"Pulmakleit Michele"}]},{"@type":"WebSite","@id":"https:\/\/www.looris.ee\/en\/#website","url":"https:\/\/www.looris.ee\/en\/","name":"Looris","description":"","potentialAction":[{"@type":"SearchAction","target":{"@type":"EntryPoint","urlTemplate":"https:\/\/www.looris.ee\/en\/?s={search_term_string}"},"query-input":{"@type":"PropertyValueSpecification","valueRequired":true,"valueName":"search_term_string"}}],"inLanguage":"en-US"}]}},"_links":{"self":[{"href":"https:\/\/looris.ee\/en\/wp-json\/wp\/v2\/product\/2928","targetHints":{"allow":["GET"]}}],"collection":[{"href":"https:\/\/looris.ee\/en\/wp-json\/wp\/v2\/product"}],"about":[{"href":"https:\/\/looris.ee\/en\/wp-json\/wp\/v2\/types\/product"}],"wp:featuredmedia":[{"embeddable":true,"href":"https:\/\/looris.ee\/en\/wp-json\/wp\/v2\/media\/2924"}],"wp:attachment":[{"href":"https:\/\/looris.ee\/en\/wp-json\/wp\/v2\/media?parent=2928"}],"wp:term":[{"taxonomy":"category","embeddable":true,"href":"https:\/\/looris.ee\/en\/wp-json\/wp\/v2\/categories?post=2928"},{"taxonomy":"dress-style","embeddable":true,"href":"https:\/\/looris.ee\/en\/wp-json\/wp\/v2\/dress-style?post=2928"}],"curies":[{"name":"wp","href":"https:\/\/api.w.org\/{rel}","templated":true}]}}