{"id":2575,"date":"2023-12-15T07:09:37","date_gmt":"2023-12-15T07:09:37","guid":{"rendered":"https:\/\/looris.ee\/?post_type=product&#038;p=2575"},"modified":"2023-12-20T13:42:40","modified_gmt":"2023-12-20T13:42:40","slug":"pulmakleit-zelda","status":"publish","type":"product","link":"https:\/\/looris.ee\/en\/product\/pulmakleit-zelda\/","title":{"rendered":"Wedding dress Zelda"},"featured_media":2578,"template":"","categories":[],"dress-style":[72,73,78,71,76,75],"class_list":["post-2575","product","type-product","status-publish","has-post-thumbnail","hentry","dress-style-a-line","dress-style-boho","dress-style-akoik","dress-style-plus-suurus","dress-style-printsess","dress-style-rannapulm"],"acf":[],"yoast_head":"<!-- This site is optimized with the Yoast SEO plugin v27.4 - https:\/\/yoast.com\/product\/yoast-seo-wordpress\/ -->\n<title>Pulmakleit Zelda - Looris<\/title>\n<meta name=\"description\" content=\"T\u00fcllist kaunis seelikuga pulmakleit Zelda loob romantilise \u00f5hkonna teie pulma. \u00dclaosa kaunistatud \u00f5rna pitsiga.\" \/>\n<meta name=\"robots\" content=\"index, follow, max-snippet:-1, max-image-preview:large, max-video-preview:-1\" \/>\n<link rel=\"canonical\" href=\"https:\/\/looris.ee\/en\/product\/pulmakleit-zelda\/\" \/>\n<meta property=\"og:locale\" content=\"en_US\" \/>\n<meta property=\"og:type\" content=\"article\" \/>\n<meta property=\"og:title\" content=\"Pulmakleit Zelda - Looris\" \/>\n<meta property=\"og:description\" content=\"T\u00fcllist kaunis seelikuga pulmakleit Zelda loob romantilise \u00f5hkonna teie pulma. \u00dclaosa kaunistatud \u00f5rna pitsiga.\" \/>\n<meta property=\"og:url\" content=\"https:\/\/looris.ee\/en\/product\/pulmakleit-zelda\/\" \/>\n<meta property=\"og:site_name\" content=\"Looris\" \/>\n<meta property=\"article:modified_time\" content=\"2023-12-20T13:42:40+00:00\" \/>\n<meta property=\"og:image\" content=\"https:\/\/looris.ee\/wp-content\/uploads\/2023\/12\/Zelda-1.jpg\" \/>\n\t<meta property=\"og:image:width\" content=\"1334\" \/>\n\t<meta property=\"og:image:height\" content=\"2000\" \/>\n\t<meta property=\"og:image:type\" content=\"image\/jpeg\" \/>\n<meta name=\"twitter:card\" content=\"summary_large_image\" \/>\n<meta name=\"twitter:label1\" content=\"Est. reading time\" \/>\n\t<meta name=\"twitter:data1\" content=\"1 minute\" \/>\n<script type=\"application\/ld+json\" class=\"yoast-schema-graph\">{\"@context\":\"https:\\\/\\\/schema.org\",\"@graph\":[{\"@type\":\"WebPage\",\"@id\":\"https:\\\/\\\/looris.ee\\\/en\\\/product\\\/pulmakleit-zelda\\\/\",\"url\":\"https:\\\/\\\/looris.ee\\\/en\\\/product\\\/pulmakleit-zelda\\\/\",\"name\":\"Pulmakleit Zelda - Looris\",\"isPartOf\":{\"@id\":\"https:\\\/\\\/looris.ee\\\/#website\"},\"primaryImageOfPage\":{\"@id\":\"https:\\\/\\\/looris.ee\\\/en\\\/product\\\/pulmakleit-zelda\\\/#primaryimage\"},\"image\":{\"@id\":\"https:\\\/\\\/looris.ee\\\/en\\\/product\\\/pulmakleit-zelda\\\/#primaryimage\"},\"thumbnailUrl\":\"https:\\\/\\\/looris.ee\\\/wp-content\\\/uploads\\\/2023\\\/12\\\/Zelda-1.jpg\",\"datePublished\":\"2023-12-15T07:09:37+00:00\",\"dateModified\":\"2023-12-20T13:42:40+00:00\",\"description\":\"T\u00fcllist kaunis seelikuga pulmakleit Zelda loob romantilise \u00f5hkonna teie pulma. \u00dclaosa kaunistatud \u00f5rna pitsiga.\",\"breadcrumb\":{\"@id\":\"https:\\\/\\\/looris.ee\\\/en\\\/product\\\/pulmakleit-zelda\\\/#breadcrumb\"},\"inLanguage\":\"en-US\",\"potentialAction\":[{\"@type\":\"ReadAction\",\"target\":[\"https:\\\/\\\/looris.ee\\\/en\\\/product\\\/pulmakleit-zelda\\\/\"]}]},{\"@type\":\"ImageObject\",\"inLanguage\":\"en-US\",\"@id\":\"https:\\\/\\\/looris.ee\\\/en\\\/product\\\/pulmakleit-zelda\\\/#primaryimage\",\"url\":\"https:\\\/\\\/looris.ee\\\/wp-content\\\/uploads\\\/2023\\\/12\\\/Zelda-1.jpg\",\"contentUrl\":\"https:\\\/\\\/looris.ee\\\/wp-content\\\/uploads\\\/2023\\\/12\\\/Zelda-1.jpg\",\"width\":1334,\"height\":2000,\"caption\":\"Pulmakleit Zelda\"},{\"@type\":\"BreadcrumbList\",\"@id\":\"https:\\\/\\\/looris.ee\\\/en\\\/product\\\/pulmakleit-zelda\\\/#breadcrumb\",\"itemListElement\":[{\"@type\":\"ListItem\",\"position\":1,\"name\":\"Home\",\"item\":\"https:\\\/\\\/looris.ee\\\/\"},{\"@type\":\"ListItem\",\"position\":2,\"name\":\"Products\",\"item\":\"https:\\\/\\\/looris.ee\\\/pulmakleidid\\\/\"},{\"@type\":\"ListItem\",\"position\":3,\"name\":\"Pulmakleit Zelda\"}]},{\"@type\":\"WebSite\",\"@id\":\"https:\\\/\\\/looris.ee\\\/#website\",\"url\":\"https:\\\/\\\/looris.ee\\\/\",\"name\":\"Looris\",\"description\":\"\",\"potentialAction\":[{\"@type\":\"SearchAction\",\"target\":{\"@type\":\"EntryPoint\",\"urlTemplate\":\"https:\\\/\\\/looris.ee\\\/?s={search_term_string}\"},\"query-input\":{\"@type\":\"PropertyValueSpecification\",\"valueRequired\":true,\"valueName\":\"search_term_string\"}}],\"inLanguage\":\"en-US\"}]}<\/script>\n<!-- \/ Yoast SEO plugin. -->","yoast_head_json":{"title":"Pulmakleit Zelda - Looris","description":"T\u00fcllist kaunis seelikuga pulmakleit Zelda loob romantilise \u00f5hkonna teie pulma. \u00dclaosa kaunistatud \u00f5rna pitsiga.","robots":{"index":"index","follow":"follow","max-snippet":"max-snippet:-1","max-image-preview":"max-image-preview:large","max-video-preview":"max-video-preview:-1"},"canonical":"https:\/\/looris.ee\/en\/product\/pulmakleit-zelda\/","og_locale":"en_US","og_type":"article","og_title":"Pulmakleit Zelda - Looris","og_description":"T\u00fcllist kaunis seelikuga pulmakleit Zelda loob romantilise \u00f5hkonna teie pulma. \u00dclaosa kaunistatud \u00f5rna pitsiga.","og_url":"https:\/\/looris.ee\/en\/product\/pulmakleit-zelda\/","og_site_name":"Looris","article_modified_time":"2023-12-20T13:42:40+00:00","og_image":[{"width":1334,"height":2000,"url":"https:\/\/looris.ee\/wp-content\/uploads\/2023\/12\/Zelda-1.jpg","type":"image\/jpeg"}],"twitter_card":"summary_large_image","twitter_misc":{"Est. reading time":"1 minute"},"schema":{"@context":"https:\/\/schema.org","@graph":[{"@type":"WebPage","@id":"https:\/\/looris.ee\/en\/product\/pulmakleit-zelda\/","url":"https:\/\/looris.ee\/en\/product\/pulmakleit-zelda\/","name":"Pulmakleit Zelda - Looris","isPartOf":{"@id":"https:\/\/looris.ee\/#website"},"primaryImageOfPage":{"@id":"https:\/\/looris.ee\/en\/product\/pulmakleit-zelda\/#primaryimage"},"image":{"@id":"https:\/\/looris.ee\/en\/product\/pulmakleit-zelda\/#primaryimage"},"thumbnailUrl":"https:\/\/looris.ee\/wp-content\/uploads\/2023\/12\/Zelda-1.jpg","datePublished":"2023-12-15T07:09:37+00:00","dateModified":"2023-12-20T13:42:40+00:00","description":"T\u00fcllist kaunis seelikuga pulmakleit Zelda loob romantilise \u00f5hkonna teie pulma. \u00dclaosa kaunistatud \u00f5rna pitsiga.","breadcrumb":{"@id":"https:\/\/looris.ee\/en\/product\/pulmakleit-zelda\/#breadcrumb"},"inLanguage":"en-US","potentialAction":[{"@type":"ReadAction","target":["https:\/\/looris.ee\/en\/product\/pulmakleit-zelda\/"]}]},{"@type":"ImageObject","inLanguage":"en-US","@id":"https:\/\/looris.ee\/en\/product\/pulmakleit-zelda\/#primaryimage","url":"https:\/\/looris.ee\/wp-content\/uploads\/2023\/12\/Zelda-1.jpg","contentUrl":"https:\/\/looris.ee\/wp-content\/uploads\/2023\/12\/Zelda-1.jpg","width":1334,"height":2000,"caption":"Pulmakleit Zelda"},{"@type":"BreadcrumbList","@id":"https:\/\/looris.ee\/en\/product\/pulmakleit-zelda\/#breadcrumb","itemListElement":[{"@type":"ListItem","position":1,"name":"Home","item":"https:\/\/looris.ee\/"},{"@type":"ListItem","position":2,"name":"Products","item":"https:\/\/looris.ee\/pulmakleidid\/"},{"@type":"ListItem","position":3,"name":"Pulmakleit Zelda"}]},{"@type":"WebSite","@id":"https:\/\/looris.ee\/#website","url":"https:\/\/looris.ee\/","name":"Looris","description":"","potentialAction":[{"@type":"SearchAction","target":{"@type":"EntryPoint","urlTemplate":"https:\/\/looris.ee\/?s={search_term_string}"},"query-input":{"@type":"PropertyValueSpecification","valueRequired":true,"valueName":"search_term_string"}}],"inLanguage":"en-US"}]}},"_links":{"self":[{"href":"https:\/\/looris.ee\/en\/wp-json\/wp\/v2\/product\/2575","targetHints":{"allow":["GET"]}}],"collection":[{"href":"https:\/\/looris.ee\/en\/wp-json\/wp\/v2\/product"}],"about":[{"href":"https:\/\/looris.ee\/en\/wp-json\/wp\/v2\/types\/product"}],"wp:featuredmedia":[{"embeddable":true,"href":"https:\/\/looris.ee\/en\/wp-json\/wp\/v2\/media\/2578"}],"wp:attachment":[{"href":"https:\/\/looris.ee\/en\/wp-json\/wp\/v2\/media?parent=2575"}],"wp:term":[{"taxonomy":"category","embeddable":true,"href":"https:\/\/looris.ee\/en\/wp-json\/wp\/v2\/categories?post=2575"},{"taxonomy":"dress-style","embeddable":true,"href":"https:\/\/looris.ee\/en\/wp-json\/wp\/v2\/dress-style?post=2575"}],"curies":[{"name":"wp","href":"https:\/\/api.w.org\/{rel}","templated":true}]}}