{"id":2571,"date":"2023-12-14T08:53:46","date_gmt":"2023-12-14T08:53:46","guid":{"rendered":"https:\/\/looris.ee\/?post_type=product&#038;p=2571"},"modified":"2023-12-20T13:43:12","modified_gmt":"2023-12-20T13:43:12","slug":"pulmakleit-lika","status":"publish","type":"product","link":"https:\/\/looris.ee\/en\/product\/pulmakleit-lika\/","title":{"rendered":"Wedding dress Lika"},"featured_media":2566,"template":"","categories":[],"dress-style":[72,78,74,76,75],"class_list":["post-2571","product","type-product","status-publish","has-post-thumbnail","hentry","dress-style-a-line","dress-style-akoik","dress-style-lihtne","dress-style-printsess","dress-style-rannapulm"],"acf":[],"yoast_head":"<!-- This site is optimized with the Yoast SEO plugin v27.4 - https:\/\/yoast.com\/product\/yoast-seo-wordpress\/ -->\n<title>Pulmakleit Lika - Looris<\/title>\n<meta name=\"description\" content=\"Satiinist pulmakleit Lika. Kuninglik l\u00f5ige ja ekstravagantsed puhvis varrukad n\u00e4evad stiilselt v\u00e4lja pruudi seljas.\" \/>\n<meta name=\"robots\" content=\"index, follow, max-snippet:-1, max-image-preview:large, max-video-preview:-1\" \/>\n<link rel=\"canonical\" href=\"https:\/\/looris.ee\/en\/product\/pulmakleit-lika\/\" \/>\n<meta property=\"og:locale\" content=\"en_US\" \/>\n<meta property=\"og:type\" content=\"article\" \/>\n<meta property=\"og:title\" content=\"Pulmakleit Lika - Looris\" \/>\n<meta property=\"og:description\" content=\"Satiinist pulmakleit Lika. Kuninglik l\u00f5ige ja ekstravagantsed puhvis varrukad n\u00e4evad stiilselt v\u00e4lja pruudi seljas.\" \/>\n<meta property=\"og:url\" content=\"https:\/\/looris.ee\/en\/product\/pulmakleit-lika\/\" \/>\n<meta property=\"og:site_name\" content=\"Looris\" \/>\n<meta property=\"article:modified_time\" content=\"2023-12-20T13:43:12+00:00\" \/>\n<meta property=\"og:image\" content=\"https:\/\/looris.ee\/wp-content\/uploads\/2023\/12\/Lima-2.jpg\" \/>\n\t<meta property=\"og:image:width\" content=\"1333\" \/>\n\t<meta property=\"og:image:height\" content=\"2000\" \/>\n\t<meta property=\"og:image:type\" content=\"image\/jpeg\" \/>\n<meta name=\"twitter:card\" content=\"summary_large_image\" \/>\n<meta name=\"twitter:label1\" content=\"Est. reading time\" \/>\n\t<meta name=\"twitter:data1\" content=\"1 minute\" \/>\n<script type=\"application\/ld+json\" class=\"yoast-schema-graph\">{\"@context\":\"https:\\\/\\\/schema.org\",\"@graph\":[{\"@type\":\"WebPage\",\"@id\":\"https:\\\/\\\/looris.ee\\\/product\\\/pulmakleit-lika\\\/\",\"url\":\"https:\\\/\\\/looris.ee\\\/product\\\/pulmakleit-lika\\\/\",\"name\":\"Pulmakleit Lika - Looris\",\"isPartOf\":{\"@id\":\"https:\\\/\\\/looris.ee\\\/#website\"},\"primaryImageOfPage\":{\"@id\":\"https:\\\/\\\/looris.ee\\\/product\\\/pulmakleit-lika\\\/#primaryimage\"},\"image\":{\"@id\":\"https:\\\/\\\/looris.ee\\\/product\\\/pulmakleit-lika\\\/#primaryimage\"},\"thumbnailUrl\":\"https:\\\/\\\/looris.ee\\\/wp-content\\\/uploads\\\/2023\\\/12\\\/Lima-2.jpg\",\"datePublished\":\"2023-12-14T08:53:46+00:00\",\"dateModified\":\"2023-12-20T13:43:12+00:00\",\"description\":\"Satiinist pulmakleit Lika. Kuninglik l\u00f5ige ja ekstravagantsed puhvis varrukad n\u00e4evad stiilselt v\u00e4lja pruudi seljas.\",\"breadcrumb\":{\"@id\":\"https:\\\/\\\/looris.ee\\\/product\\\/pulmakleit-lika\\\/#breadcrumb\"},\"inLanguage\":\"en-US\",\"potentialAction\":[{\"@type\":\"ReadAction\",\"target\":[\"https:\\\/\\\/looris.ee\\\/product\\\/pulmakleit-lika\\\/\"]}]},{\"@type\":\"ImageObject\",\"inLanguage\":\"en-US\",\"@id\":\"https:\\\/\\\/looris.ee\\\/product\\\/pulmakleit-lika\\\/#primaryimage\",\"url\":\"https:\\\/\\\/looris.ee\\\/wp-content\\\/uploads\\\/2023\\\/12\\\/Lima-2.jpg\",\"contentUrl\":\"https:\\\/\\\/looris.ee\\\/wp-content\\\/uploads\\\/2023\\\/12\\\/Lima-2.jpg\",\"width\":1333,\"height\":2000,\"caption\":\"Pulmakleit Lika\"},{\"@type\":\"BreadcrumbList\",\"@id\":\"https:\\\/\\\/looris.ee\\\/product\\\/pulmakleit-lika\\\/#breadcrumb\",\"itemListElement\":[{\"@type\":\"ListItem\",\"position\":1,\"name\":\"Home\",\"item\":\"https:\\\/\\\/looris.ee\\\/\"},{\"@type\":\"ListItem\",\"position\":2,\"name\":\"Products\",\"item\":\"https:\\\/\\\/looris.ee\\\/pulmakleidid\\\/\"},{\"@type\":\"ListItem\",\"position\":3,\"name\":\"Pulmakleit Lika\"}]},{\"@type\":\"WebSite\",\"@id\":\"https:\\\/\\\/looris.ee\\\/#website\",\"url\":\"https:\\\/\\\/looris.ee\\\/\",\"name\":\"Looris\",\"description\":\"\",\"potentialAction\":[{\"@type\":\"SearchAction\",\"target\":{\"@type\":\"EntryPoint\",\"urlTemplate\":\"https:\\\/\\\/looris.ee\\\/?s={search_term_string}\"},\"query-input\":{\"@type\":\"PropertyValueSpecification\",\"valueRequired\":true,\"valueName\":\"search_term_string\"}}],\"inLanguage\":\"en-US\"}]}<\/script>\n<!-- \/ Yoast SEO plugin. -->","yoast_head_json":{"title":"Pulmakleit Lika - Looris","description":"Satiinist pulmakleit Lika. Kuninglik l\u00f5ige ja ekstravagantsed puhvis varrukad n\u00e4evad stiilselt v\u00e4lja pruudi seljas.","robots":{"index":"index","follow":"follow","max-snippet":"max-snippet:-1","max-image-preview":"max-image-preview:large","max-video-preview":"max-video-preview:-1"},"canonical":"https:\/\/looris.ee\/en\/product\/pulmakleit-lika\/","og_locale":"en_US","og_type":"article","og_title":"Pulmakleit Lika - Looris","og_description":"Satiinist pulmakleit Lika. Kuninglik l\u00f5ige ja ekstravagantsed puhvis varrukad n\u00e4evad stiilselt v\u00e4lja pruudi seljas.","og_url":"https:\/\/looris.ee\/en\/product\/pulmakleit-lika\/","og_site_name":"Looris","article_modified_time":"2023-12-20T13:43:12+00:00","og_image":[{"width":1333,"height":2000,"url":"https:\/\/looris.ee\/wp-content\/uploads\/2023\/12\/Lima-2.jpg","type":"image\/jpeg"}],"twitter_card":"summary_large_image","twitter_misc":{"Est. reading time":"1 minute"},"schema":{"@context":"https:\/\/schema.org","@graph":[{"@type":"WebPage","@id":"https:\/\/looris.ee\/product\/pulmakleit-lika\/","url":"https:\/\/looris.ee\/product\/pulmakleit-lika\/","name":"Pulmakleit Lika - Looris","isPartOf":{"@id":"https:\/\/looris.ee\/#website"},"primaryImageOfPage":{"@id":"https:\/\/looris.ee\/product\/pulmakleit-lika\/#primaryimage"},"image":{"@id":"https:\/\/looris.ee\/product\/pulmakleit-lika\/#primaryimage"},"thumbnailUrl":"https:\/\/looris.ee\/wp-content\/uploads\/2023\/12\/Lima-2.jpg","datePublished":"2023-12-14T08:53:46+00:00","dateModified":"2023-12-20T13:43:12+00:00","description":"Satiinist pulmakleit Lika. Kuninglik l\u00f5ige ja ekstravagantsed puhvis varrukad n\u00e4evad stiilselt v\u00e4lja pruudi seljas.","breadcrumb":{"@id":"https:\/\/looris.ee\/product\/pulmakleit-lika\/#breadcrumb"},"inLanguage":"en-US","potentialAction":[{"@type":"ReadAction","target":["https:\/\/looris.ee\/product\/pulmakleit-lika\/"]}]},{"@type":"ImageObject","inLanguage":"en-US","@id":"https:\/\/looris.ee\/product\/pulmakleit-lika\/#primaryimage","url":"https:\/\/looris.ee\/wp-content\/uploads\/2023\/12\/Lima-2.jpg","contentUrl":"https:\/\/looris.ee\/wp-content\/uploads\/2023\/12\/Lima-2.jpg","width":1333,"height":2000,"caption":"Pulmakleit Lika"},{"@type":"BreadcrumbList","@id":"https:\/\/looris.ee\/product\/pulmakleit-lika\/#breadcrumb","itemListElement":[{"@type":"ListItem","position":1,"name":"Home","item":"https:\/\/looris.ee\/"},{"@type":"ListItem","position":2,"name":"Products","item":"https:\/\/looris.ee\/pulmakleidid\/"},{"@type":"ListItem","position":3,"name":"Pulmakleit Lika"}]},{"@type":"WebSite","@id":"https:\/\/looris.ee\/#website","url":"https:\/\/looris.ee\/","name":"Looris","description":"","potentialAction":[{"@type":"SearchAction","target":{"@type":"EntryPoint","urlTemplate":"https:\/\/looris.ee\/?s={search_term_string}"},"query-input":{"@type":"PropertyValueSpecification","valueRequired":true,"valueName":"search_term_string"}}],"inLanguage":"en-US"}]}},"_links":{"self":[{"href":"https:\/\/looris.ee\/en\/wp-json\/wp\/v2\/product\/2571","targetHints":{"allow":["GET"]}}],"collection":[{"href":"https:\/\/looris.ee\/en\/wp-json\/wp\/v2\/product"}],"about":[{"href":"https:\/\/looris.ee\/en\/wp-json\/wp\/v2\/types\/product"}],"wp:featuredmedia":[{"embeddable":true,"href":"https:\/\/looris.ee\/en\/wp-json\/wp\/v2\/media\/2566"}],"wp:attachment":[{"href":"https:\/\/looris.ee\/en\/wp-json\/wp\/v2\/media?parent=2571"}],"wp:term":[{"taxonomy":"category","embeddable":true,"href":"https:\/\/looris.ee\/en\/wp-json\/wp\/v2\/categories?post=2571"},{"taxonomy":"dress-style","embeddable":true,"href":"https:\/\/looris.ee\/en\/wp-json\/wp\/v2\/dress-style?post=2571"}],"curies":[{"name":"wp","href":"https:\/\/api.w.org\/{rel}","templated":true}]}}