{"id":1320,"date":"2023-11-22T08:23:59","date_gmt":"2023-11-22T08:23:59","guid":{"rendered":"https:\/\/looris.ee\/?page_id=1320"},"modified":"2024-01-04T18:20:43","modified_gmt":"2024-01-04T16:20:43","slug":"blogi","status":"publish","type":"page","link":"https:\/\/looris.ee\/en\/blogi\/","title":{"rendered":"BLOG"},"content":{"rendered":"<div data-elementor-type=\"wp-page\" data-elementor-id=\"1320\" class=\"elementor elementor-1320\" wpc-filter-elementor-widget=\"1\" data-elementor-post-type=\"page\">\n\t\t\t\t<div class=\"elementor-element elementor-element-2d9e359 e-con-full e-flex e-con e-parent\" data-id=\"2d9e359\" data-element_type=\"container\" data-e-type=\"container\" data-settings=\"{&quot;background_background&quot;:&quot;classic&quot;}\">\n\t\t<div class=\"elementor-element elementor-element-b495adf e-con-full e-flex e-con e-child\" data-id=\"b495adf\" data-element_type=\"container\" data-e-type=\"container\" data-settings=\"{&quot;background_background&quot;:&quot;classic&quot;}\">\n\t\t\t\t<div class=\"elementor-element elementor-element-b1227e5 elementor-widget elementor-widget-heading\" data-id=\"b1227e5\" data-element_type=\"widget\" data-e-type=\"widget\" data-widget_type=\"heading.default\">\n\t\t\t\t<div class=\"elementor-widget-container\">\n\t\t\t\t\t<h2 class=\"elementor-heading-title elementor-size-default\">Tere tulemast<\/h2>\t\t\t\t<\/div>\n\t\t\t\t<\/div>\n\t\t\t\t<div class=\"elementor-element elementor-element-ad19cf5 elementor-widget elementor-widget-heading\" data-id=\"ad19cf5\" data-element_type=\"widget\" data-e-type=\"widget\" data-widget_type=\"heading.default\">\n\t\t\t\t<div class=\"elementor-widget-container\">\n\t\t\t\t\t<h2 class=\"elementor-heading-title elementor-size-default\">meie blogisse<\/h2>\t\t\t\t<\/div>\n\t\t\t\t<\/div>\n\t\t<div class=\"elementor-element elementor-element-c8893fa e-con-full e-flex e-con e-child\" data-id=\"c8893fa\" data-element_type=\"container\" data-e-type=\"container\">\n\t\t\t\t<div class=\"elementor-element elementor-element-7891ebc elementor-widget__width-initial elementor-absolute elementor-widget elementor-widget-image\" data-id=\"7891ebc\" data-element_type=\"widget\" data-e-type=\"widget\" data-settings=\"{&quot;_position&quot;:&quot;absolute&quot;}\" data-widget_type=\"image.default\">\n\t\t\t\t<div class=\"elementor-widget-container\">\n\t\t\t\t\t\t\t\t\t\t\t\t\t\t\t<img fetchpriority=\"high\" decoding=\"async\" width=\"839\" height=\"732\" src=\"https:\/\/www.looris.ee\/wp-content\/uploads\/2023\/11\/Asset-4-1-1.svg\" class=\"attachment-full size-full wp-image-249\" alt=\"\" loading=\"eager\" \/>\t\t\t\t\t\t\t\t\t\t\t\t\t\t\t<\/div>\n\t\t\t\t<\/div>\n\t\t<div class=\"elementor-element elementor-element-9c817bf e-con-full e-flex e-con e-child\" data-id=\"9c817bf\" data-element_type=\"container\" data-e-type=\"container\">\n\t\t\t\t<div class=\"elementor-element elementor-element-594f62a xpro-post-grid-align-center elementor-widget elementor-widget-xpro-post-grid\" data-id=\"594f62a\" data-element_type=\"widget\" data-e-type=\"widget\" data-settings=\"{&quot;column_grid&quot;:&quot;2&quot;,&quot;image_height&quot;:{&quot;unit&quot;:&quot;px&quot;,&quot;size&quot;:750,&quot;sizes&quot;:[]},&quot;space_between&quot;:{&quot;unit&quot;:&quot;px&quot;,&quot;size&quot;:100,&quot;sizes&quot;:[]},&quot;content_height&quot;:{&quot;unit&quot;:&quot;px&quot;,&quot;size&quot;:100,&quot;sizes&quot;:[]},&quot;column_grid_tablet&quot;:&quot;2&quot;,&quot;column_grid_mobile&quot;:&quot;1&quot;,&quot;image_height_laptop&quot;:{&quot;unit&quot;:&quot;px&quot;,&quot;size&quot;:&quot;&quot;,&quot;sizes&quot;:[]},&quot;image_height_tablet_extra&quot;:{&quot;unit&quot;:&quot;px&quot;,&quot;size&quot;:&quot;&quot;,&quot;sizes&quot;:[]},&quot;image_height_tablet&quot;:{&quot;unit&quot;:&quot;px&quot;,&quot;size&quot;:&quot;&quot;,&quot;sizes&quot;:[]},&quot;image_height_mobile&quot;:{&quot;unit&quot;:&quot;px&quot;,&quot;size&quot;:&quot;&quot;,&quot;sizes&quot;:[]},&quot;space_between_laptop&quot;:{&quot;unit&quot;:&quot;px&quot;,&quot;size&quot;:&quot;&quot;,&quot;sizes&quot;:[]},&quot;space_between_tablet_extra&quot;:{&quot;unit&quot;:&quot;px&quot;,&quot;size&quot;:&quot;&quot;,&quot;sizes&quot;:[]},&quot;space_between_tablet&quot;:{&quot;unit&quot;:&quot;px&quot;,&quot;size&quot;:15,&quot;sizes&quot;:[]},&quot;space_between_mobile&quot;:{&quot;unit&quot;:&quot;px&quot;,&quot;size&quot;:15,&quot;sizes&quot;:[]},&quot;content_height_laptop&quot;:{&quot;unit&quot;:&quot;px&quot;,&quot;size&quot;:&quot;&quot;,&quot;sizes&quot;:[]},&quot;content_height_tablet_extra&quot;:{&quot;unit&quot;:&quot;px&quot;,&quot;size&quot;:&quot;&quot;,&quot;sizes&quot;:[]},&quot;content_height_tablet&quot;:{&quot;unit&quot;:&quot;px&quot;,&quot;size&quot;:&quot;&quot;,&quot;sizes&quot;:[]},&quot;content_height_mobile&quot;:{&quot;unit&quot;:&quot;px&quot;,&quot;size&quot;:&quot;&quot;,&quot;sizes&quot;:[]}}\" data-widget_type=\"xpro-post-grid.default\">\n\t\t\t\t<div class=\"elementor-widget-container\">\n\t\t\t\t\t\n\t\t<div class=\"xpro-post-grid-wrapper xpro-post-grid-layout-1\">\n\n\t\t\t\n\t\t\t\t<div class=\"xpro-post-grid-main cbp\">\n\n\t\t\t\t\t\n<div class=\"cbp-item xpro-post-grid-item\">\n\t\n\t<div class=\"xpro-post-grid-content\">\n\n\t\t\n\t\t\n\t\t<a href=\"https:\/\/looris.ee\/en\/3174-2\/\">\n\t\t\t<h2 class=\"xpro-post-grid-title\">Kas valida alusseelik v\u00f5i mitte?<\/h2>\n\t\t<\/a>\n\n\t\t\n\t\t\t\t\t<p class=\"xpro-post-grid-excerpt\">Pruutkleitide alusseelikud v\u00f5ivad pakkuda mitmeid eeliseid, mis aitavad t\u00e4iustada pulmakleidi v\u00e4ljan\u00e4gemist ja mugavust. Siin on m\u00f5ned pruutkleitide alusseelikute plussid: On oluline meeles pidada, et pruutkleitide alusseelikud ei ole alati vajalikud ja nende kasutamine s\u00f5ltub kleidi stiilist, kangast ja pruudi isiklikest eelistustest. Soovitatav on proovida...<\/p>\n\t\t\t\t\t\t\t<a href=\"https:\/\/looris.ee\/en\/3174-2\/\" class=\"xpro-post-grid-btn\">Loe edasi<\/a>\n\t\t\t\t\n\t\t\n\t<\/div>\n<\/div>\n\n<div class=\"cbp-item xpro-post-grid-item\">\n\t\n\t<div class=\"xpro-post-grid-content\">\n\n\t\t\n\t\t\n\t\t<a href=\"https:\/\/looris.ee\/en\/millal-on-oige-aeg-hakata-valima-pulmakleiti\/\">\n\t\t\t<h2 class=\"xpro-post-grid-title\">Millal on \u00f5ige aeg hakata valima pulmakleiti?<\/h2>\n\t\t<\/a>\n\n\t\t\n\t\t\t\t\t<p class=\"xpro-post-grid-excerpt\">Pulmakleidi valimine on omaette protsess. Ajaline kulu ideedest teostuseni on \u00fcldiselt pool kuni \u00fcks aasta. Alustades soovitame tulla proovima erinevaid stiile ja kangaid, et \u00e4ra tunda just enda jaoks k\u00f5ige parema variandi. Igal kleidil on erilised n\u00fcansid. Seej\u00e4rel saame pulmakleidi teostada just teie m\u00f5\u00f5tude...<\/p>\n\t\t\t\t\t\t\t<a href=\"https:\/\/looris.ee\/en\/millal-on-oige-aeg-hakata-valima-pulmakleiti\/\" class=\"xpro-post-grid-btn\">Loe edasi<\/a>\n\t\t\t\t\n\t\t\n\t<\/div>\n<\/div>\n\n<div class=\"cbp-item xpro-post-grid-item\">\n\t\n\t<div class=\"xpro-post-grid-content\">\n\n\t\t\n\t\t\n\t\t<a href=\"https:\/\/looris.ee\/en\/millistele-olulistele-detailidele-poorata-tahelepanu-pulmakleidi-valikul\/\">\n\t\t\t<h2 class=\"xpro-post-grid-title\">Millistele olulistele detailidele p\u00f6\u00f6rata t\u00e4helepanu pulmakleidi valikul?<\/h2>\n\t\t<\/a>\n\n\t\t\n\t\t\t\t\t<p class=\"xpro-post-grid-excerpt\">Pulmakleidi valimine on \u00fcks k\u00f5ige p\u00f5nevamaid ja t\u00e4hendusrikkamaid hetki pulmade ettevalmistamisel. Paljud pruudid ei p\u00f6\u00f6ra t\u00e4helepanu pealtn\u00e4ha ebaolulistele detailidele, mis v\u00f5ivad m\u00e4ngida olulist rolli l\u00f5plikus valikus. Siin on kolm viga, mida tasub v\u00e4ltida, et teie pidu kulgeks ideaalselt. 1. Mugavuse eiramine Tihti pruudid on...<\/p>\n\t\t\t\t\t\t\t<a href=\"https:\/\/looris.ee\/en\/millistele-olulistele-detailidele-poorata-tahelepanu-pulmakleidi-valikul\/\" class=\"xpro-post-grid-btn\">Loe edasi<\/a>\n\t\t\t\t\n\t\t\n\t<\/div>\n<\/div>\n\n<div class=\"cbp-item xpro-post-grid-item\">\n\t\n\t<div class=\"xpro-post-grid-content\">\n\n\t\t\n\t\t\n\t\t<a href=\"https:\/\/looris.ee\/en\/miks-valida-korsetiga-pulmakleit\/\">\n\t\t\t<h2 class=\"xpro-post-grid-title\">Miks valida korsetiga pulmakleit?<\/h2>\n\t\t<\/a>\n\n\t\t\n\t\t\t\t\t<p class=\"xpro-post-grid-excerpt\">Miski ei too taljet ja figuuri nii h\u00e4sti esile kui korsett. Kahjuks seostub korsett aga pruutidele tihti ebamugavusega. Soovime&nbsp; muuta seda arvamust. Luues pulmakleite, kombineerime ilu ja kaasaegse v\u00e4limuse juurde v\u00f5rdselt ka mugavuse. Me m\u00f5istame, et pruut veedab selles kleidis terve pika ja tegusa...<\/p>\n\t\t\t\t\t\t\t<a href=\"https:\/\/looris.ee\/en\/miks-valida-korsetiga-pulmakleit\/\" class=\"xpro-post-grid-btn\">Loe edasi<\/a>\n\t\t\t\t\n\t\t\n\t<\/div>\n<\/div>\n\n<div class=\"cbp-item xpro-post-grid-item\">\n\t\n\t<div class=\"xpro-post-grid-content\">\n\n\t\t\n\t\t\n\t\t<a href=\"https:\/\/looris.ee\/en\/kuidas-valida-pulmakleiti-rasedatele\/\">\n\t\t\t<h2 class=\"xpro-post-grid-title\">Kuidas valida pulmakleiti rasedatele?<\/h2>\n\t\t<\/a>\n\n\t\t\n\t\t\t\t\t<p class=\"xpro-post-grid-excerpt\">Vanasti arvati, et beebiootel pruut peab kandma ampiiristiilis pulmakleiti ehk siis sellise tegumoega, kus taljet ei paista \u00fcldse ja seelik algab kohe rinna alt. Meie arvame, et ka viimasel kuul beebiootel pruut saab kaunis olla ja pakume pulmakleite, mis on mugavad ja kaasaegse disainiga....<\/p>\n\t\t\t\t\t\t\t<a href=\"https:\/\/looris.ee\/en\/kuidas-valida-pulmakleiti-rasedatele\/\" class=\"xpro-post-grid-btn\">Loe edasi<\/a>\n\t\t\t\t\n\t\t\n\t<\/div>\n<\/div>\n\n<div class=\"cbp-item xpro-post-grid-item\">\n\t\n\t<div class=\"xpro-post-grid-content\">\n\n\t\t\n\t\t\n\t\t<a href=\"https:\/\/looris.ee\/en\/kuidas-usaldada-oma-sisetunnet-kleidivalikul\/\">\n\t\t\t<h2 class=\"xpro-post-grid-title\">Kuidas usaldada oma sisetunnet kleidivalikul?<\/h2>\n\t\t<\/a>\n\n\t\t\n\t\t\t\t\t<p class=\"xpro-post-grid-excerpt\">Armas pruut! Sinu unistused, Sinu m\u00f5tted, Sinu otsused &#8211; need teevad Sind eriliseks pruudiks! Mida teha, kui kaaslased hakkavad peale suruma oma maitset v\u00f5i n\u00e4gemust pruutkleidist ja Sa tunned, et need ei l\u00e4he kokku Sinu sisemise tundega kleidi valiku osas? 1. See on Sinu...<\/p>\n\t\t\t\t\t\t\t<a href=\"https:\/\/looris.ee\/en\/kuidas-usaldada-oma-sisetunnet-kleidivalikul\/\" class=\"xpro-post-grid-btn\">Loe edasi<\/a>\n\t\t\t\t\n\t\t\n\t<\/div>\n<\/div>\n\n\t\t\t\t<\/div>\n\n\t\t\t\t\n\t\t<\/div>\n\n\t\t\t\t\t\t<\/div>\n\t\t\t\t<\/div>\n\t\t\t\t<\/div>\n\t\t\t\t<\/div>\n\t\t\t\t<\/div>\n\t\t\t\t<\/div>\n\t\t\t\t<\/div>","protected":false},"excerpt":{"rendered":"<p>Tere tulemast meie blogisse Pulmakleidi valimine Tere tulemast meie pulmakleidi blogisse \u2013 kohale, kus unistused saavad tiivad ning kus iga pruut leiab endale unelmate kleidi, mis peegeldab tema isikup\u00e4ra ja erilisust. Pulmap\u00e4ev on \u00fcks elu olulisemaid hetki ning pulmakleit on selle p\u00e4eva kroonijuveel. Oleme siin selleks, et inspireerida ja juhendada&#8230; Loe edasi All Who Wander [&hellip;]<\/p>\n","protected":false},"author":1,"featured_media":0,"parent":0,"menu_order":0,"comment_status":"closed","ping_status":"closed","template":"","meta":{"_acf_changed":false,"_monsterinsights_skip_tracking":false,"_monsterinsights_sitenote_active":false,"_monsterinsights_sitenote_note":"","_monsterinsights_sitenote_category":0,"footnotes":""},"class_list":["post-1320","page","type-page","status-publish","hentry"],"acf":[],"yoast_head":"<!-- This site is optimized with the Yoast SEO plugin v27.3 - https:\/\/yoast.com\/product\/yoast-seo-wordpress\/ -->\n<title>Blogi - Looris<\/title>\n<meta name=\"description\" content=\"Pruudisalongis alustatakse kleidi valimisega. Pruut r\u00e4\u00e4gib konsultandile oma soovidest ja kirjeldab pulmakohta ja pulmastiili.\" \/>\n<meta name=\"robots\" content=\"index, follow, max-snippet:-1, max-image-preview:large, max-video-preview:-1\" \/>\n<link rel=\"canonical\" href=\"https:\/\/looris.ee\/en\/blogi\/\" \/>\n<meta property=\"og:locale\" content=\"en_US\" \/>\n<meta property=\"og:type\" content=\"article\" \/>\n<meta property=\"og:title\" content=\"Blogi - Looris\" \/>\n<meta property=\"og:description\" content=\"Pruudisalongis alustatakse kleidi valimisega. Pruut r\u00e4\u00e4gib konsultandile oma soovidest ja kirjeldab pulmakohta ja pulmastiili.\" \/>\n<meta property=\"og:url\" content=\"https:\/\/looris.ee\/en\/blogi\/\" \/>\n<meta property=\"og:site_name\" content=\"Looris\" \/>\n<meta property=\"article:modified_time\" content=\"2024-01-04T16:20:43+00:00\" \/>\n<meta property=\"og:image\" content=\"http:\/\/looris.ee\/wp-content\/uploads\/2023\/11\/Asset-4-1-1.svg\" \/>\n<meta name=\"twitter:card\" content=\"summary_large_image\" \/>\n<meta name=\"twitter:label1\" content=\"Est. reading time\" \/>\n\t<meta name=\"twitter:data1\" content=\"2 minutes\" \/>\n<script type=\"application\/ld+json\" class=\"yoast-schema-graph\">{\"@context\":\"https:\\\/\\\/schema.org\",\"@graph\":[{\"@type\":\"WebPage\",\"@id\":\"https:\\\/\\\/looris.ee\\\/blogi\\\/\",\"url\":\"https:\\\/\\\/looris.ee\\\/blogi\\\/\",\"name\":\"Blogi - Looris\",\"isPartOf\":{\"@id\":\"https:\\\/\\\/www.looris.ee\\\/en\\\/#website\"},\"primaryImageOfPage\":{\"@id\":\"https:\\\/\\\/looris.ee\\\/blogi\\\/#primaryimage\"},\"image\":{\"@id\":\"https:\\\/\\\/looris.ee\\\/blogi\\\/#primaryimage\"},\"thumbnailUrl\":\"http:\\\/\\\/looris.ee\\\/wp-content\\\/uploads\\\/2023\\\/11\\\/Asset-4-1-1.svg\",\"datePublished\":\"2023-11-22T08:23:59+00:00\",\"dateModified\":\"2024-01-04T16:20:43+00:00\",\"description\":\"Pruudisalongis alustatakse kleidi valimisega. Pruut r\u00e4\u00e4gib konsultandile oma soovidest ja kirjeldab pulmakohta ja pulmastiili.\",\"breadcrumb\":{\"@id\":\"https:\\\/\\\/looris.ee\\\/blogi\\\/#breadcrumb\"},\"inLanguage\":\"en-US\",\"potentialAction\":[{\"@type\":\"ReadAction\",\"target\":[\"https:\\\/\\\/looris.ee\\\/blogi\\\/\"]}]},{\"@type\":\"ImageObject\",\"inLanguage\":\"en-US\",\"@id\":\"https:\\\/\\\/looris.ee\\\/blogi\\\/#primaryimage\",\"url\":\"http:\\\/\\\/looris.ee\\\/wp-content\\\/uploads\\\/2023\\\/11\\\/Asset-4-1-1.svg\",\"contentUrl\":\"http:\\\/\\\/looris.ee\\\/wp-content\\\/uploads\\\/2023\\\/11\\\/Asset-4-1-1.svg\"},{\"@type\":\"BreadcrumbList\",\"@id\":\"https:\\\/\\\/looris.ee\\\/blogi\\\/#breadcrumb\",\"itemListElement\":[{\"@type\":\"ListItem\",\"position\":1,\"name\":\"Home\",\"item\":\"https:\\\/\\\/www.looris.ee\\\/en\\\/\"},{\"@type\":\"ListItem\",\"position\":2,\"name\":\"Blogi\"}]},{\"@type\":\"WebSite\",\"@id\":\"https:\\\/\\\/www.looris.ee\\\/en\\\/#website\",\"url\":\"https:\\\/\\\/www.looris.ee\\\/en\\\/\",\"name\":\"Looris\",\"description\":\"\",\"potentialAction\":[{\"@type\":\"SearchAction\",\"target\":{\"@type\":\"EntryPoint\",\"urlTemplate\":\"https:\\\/\\\/www.looris.ee\\\/en\\\/?s={search_term_string}\"},\"query-input\":{\"@type\":\"PropertyValueSpecification\",\"valueRequired\":true,\"valueName\":\"search_term_string\"}}],\"inLanguage\":\"en-US\"}]}<\/script>\n<!-- \/ Yoast SEO plugin. -->","yoast_head_json":{"title":"Blogi - Looris","description":"Pruudisalongis alustatakse kleidi valimisega. Pruut r\u00e4\u00e4gib konsultandile oma soovidest ja kirjeldab pulmakohta ja pulmastiili.","robots":{"index":"index","follow":"follow","max-snippet":"max-snippet:-1","max-image-preview":"max-image-preview:large","max-video-preview":"max-video-preview:-1"},"canonical":"https:\/\/looris.ee\/en\/blogi\/","og_locale":"en_US","og_type":"article","og_title":"Blogi - Looris","og_description":"Pruudisalongis alustatakse kleidi valimisega. Pruut r\u00e4\u00e4gib konsultandile oma soovidest ja kirjeldab pulmakohta ja pulmastiili.","og_url":"https:\/\/looris.ee\/en\/blogi\/","og_site_name":"Looris","article_modified_time":"2024-01-04T16:20:43+00:00","og_image":[{"url":"http:\/\/looris.ee\/wp-content\/uploads\/2023\/11\/Asset-4-1-1.svg","type":"","width":"","height":""}],"twitter_card":"summary_large_image","twitter_misc":{"Est. reading time":"2 minutes"},"schema":{"@context":"https:\/\/schema.org","@graph":[{"@type":"WebPage","@id":"https:\/\/looris.ee\/blogi\/","url":"https:\/\/looris.ee\/blogi\/","name":"Blogi - Looris","isPartOf":{"@id":"https:\/\/www.looris.ee\/en\/#website"},"primaryImageOfPage":{"@id":"https:\/\/looris.ee\/blogi\/#primaryimage"},"image":{"@id":"https:\/\/looris.ee\/blogi\/#primaryimage"},"thumbnailUrl":"http:\/\/looris.ee\/wp-content\/uploads\/2023\/11\/Asset-4-1-1.svg","datePublished":"2023-11-22T08:23:59+00:00","dateModified":"2024-01-04T16:20:43+00:00","description":"Pruudisalongis alustatakse kleidi valimisega. Pruut r\u00e4\u00e4gib konsultandile oma soovidest ja kirjeldab pulmakohta ja pulmastiili.","breadcrumb":{"@id":"https:\/\/looris.ee\/blogi\/#breadcrumb"},"inLanguage":"en-US","potentialAction":[{"@type":"ReadAction","target":["https:\/\/looris.ee\/blogi\/"]}]},{"@type":"ImageObject","inLanguage":"en-US","@id":"https:\/\/looris.ee\/blogi\/#primaryimage","url":"http:\/\/looris.ee\/wp-content\/uploads\/2023\/11\/Asset-4-1-1.svg","contentUrl":"http:\/\/looris.ee\/wp-content\/uploads\/2023\/11\/Asset-4-1-1.svg"},{"@type":"BreadcrumbList","@id":"https:\/\/looris.ee\/blogi\/#breadcrumb","itemListElement":[{"@type":"ListItem","position":1,"name":"Home","item":"https:\/\/www.looris.ee\/en\/"},{"@type":"ListItem","position":2,"name":"Blogi"}]},{"@type":"WebSite","@id":"https:\/\/www.looris.ee\/en\/#website","url":"https:\/\/www.looris.ee\/en\/","name":"Looris","description":"","potentialAction":[{"@type":"SearchAction","target":{"@type":"EntryPoint","urlTemplate":"https:\/\/www.looris.ee\/en\/?s={search_term_string}"},"query-input":{"@type":"PropertyValueSpecification","valueRequired":true,"valueName":"search_term_string"}}],"inLanguage":"en-US"}]}},"_links":{"self":[{"href":"https:\/\/looris.ee\/en\/wp-json\/wp\/v2\/pages\/1320","targetHints":{"allow":["GET"]}}],"collection":[{"href":"https:\/\/looris.ee\/en\/wp-json\/wp\/v2\/pages"}],"about":[{"href":"https:\/\/looris.ee\/en\/wp-json\/wp\/v2\/types\/page"}],"author":[{"embeddable":true,"href":"https:\/\/looris.ee\/en\/wp-json\/wp\/v2\/users\/1"}],"replies":[{"embeddable":true,"href":"https:\/\/looris.ee\/en\/wp-json\/wp\/v2\/comments?post=1320"}],"version-history":[{"count":5,"href":"https:\/\/looris.ee\/en\/wp-json\/wp\/v2\/pages\/1320\/revisions"}],"predecessor-version":[{"id":1620,"href":"https:\/\/looris.ee\/en\/wp-json\/wp\/v2\/pages\/1320\/revisions\/1620"}],"wp:attachment":[{"href":"https:\/\/looris.ee\/en\/wp-json\/wp\/v2\/media?parent=1320"}],"curies":[{"name":"wp","href":"https:\/\/api.w.org\/{rel}","templated":true}]}}